{"id":789,"date":"2025-06-04T20:57:45","date_gmt":"2025-06-04T19:57:45","guid":{"rendered":"https:\/\/brinkhaus-gmbh.de\/?page_id=789"},"modified":"2025-06-11T11:38:31","modified_gmt":"2025-06-11T10:38:31","slug":"cra-ready-mit-brinkhaus-ihr-partner-fuer-den-cyber-resilience-act","status":"publish","type":"page","link":"https:\/\/www.brinkhaus-gmbh.de\/en\/cra-ready-mit-brinkhaus-ihr-partner-fuer-den-cyber-resilience-act\/","title":{"rendered":"CRA-Ready mit Brinkhaus \u2013 Ihr Partner f\u00fcr den Cyber Resilience Act"},"content":{"rendered":"\n<p>Ab 2026 greifen die ersten Elemente des <strong>Cyber Resilience Act<\/strong> (CRA). Ab 2027 d\u00fcrfen nur noch Produkte mit <em>nachweisbarer Cybersicherheit<\/em> in der EU vermarktet werden. Der CRA betrifft <strong>Hersteller, Entwickler und Zulieferer<\/strong> \u2013 unabh\u00e4ngig von der Unternehmensgr\u00f6\u00dfe. Es lohnt sich, vorbereitet zu sein.<\/p>\n\n\n\n<p><strong>Brinkhaus GmbH<\/strong> unterst\u00fctzt Sie mit einem klar strukturierten Beratungsansatz auf dem Weg zur CRA-Konformit\u00e4t:<\/p>\n\n\n\n<div class=\"wp-block-media-text has-media-on-the-right is-stacked-on-mobile\" style=\"grid-template-columns:auto 43%\"><div class=\"wp-block-media-text__content\">\n<ul class=\"wp-block-list\">\n<li>Analyse Ihrer Produkte und Prozesse<\/li>\n\n\n\n<li>Schulung Ihrer Teams<\/li>\n\n\n\n<li>Einf\u00fchrung eines Sicherheits-Risikomanagements<\/li>\n\n\n\n<li>Aufbau der erforderlichen Dokumentation<\/li>\n\n\n\n<li>Vorbereitung auf interne und externe Audits<\/li>\n\n\n\n<li>Optional: Bewertung Ihrer Zulieferer<\/li>\n<\/ul>\n<\/div><figure class=\"wp-block-media-text__media\"><img loading=\"lazy\" decoding=\"async\" width=\"1024\" height=\"785\" src=\"https:\/\/brinkhaus-gmbh.de\/wp-content\/uploads\/2018\/11\/cc0-closeup-colleagues-cooperation-creative-common-0-creative-commons-0-1451599-pxhere.com_-1024x785.jpg\" alt=\"\" class=\"wp-image-225 size-full\" srcset=\"https:\/\/www.brinkhaus-gmbh.de\/wp-content\/uploads\/2018\/11\/cc0-closeup-colleagues-cooperation-creative-common-0-creative-commons-0-1451599-pxhere.com_-1024x785.jpg 1024w, https:\/\/www.brinkhaus-gmbh.de\/wp-content\/uploads\/2018\/11\/cc0-closeup-colleagues-cooperation-creative-common-0-creative-commons-0-1451599-pxhere.com_-300x230.jpg 300w, https:\/\/www.brinkhaus-gmbh.de\/wp-content\/uploads\/2018\/11\/cc0-closeup-colleagues-cooperation-creative-common-0-creative-commons-0-1451599-pxhere.com_-768x589.jpg 768w, https:\/\/www.brinkhaus-gmbh.de\/wp-content\/uploads\/2018\/11\/cc0-closeup-colleagues-cooperation-creative-common-0-creative-commons-0-1451599-pxhere.com_-1536x1178.jpg 1536w, https:\/\/www.brinkhaus-gmbh.de\/wp-content\/uploads\/2018\/11\/cc0-closeup-colleagues-cooperation-creative-common-0-creative-commons-0-1451599-pxhere.com_-2048x1571.jpg 2048w\" sizes=\"auto, (max-width: 1024px) 100vw, 1024px\" \/><\/figure><\/div>\n\n\n\n<p><strong>Effizient. Praxisnah. Skalierbar.<\/strong><br>Ob Unternehmensprozesse, Embedded-Software, Industrie-Controller oder IoT \u2013 wir machen Ihr Unternehmen <strong>CRA-fit.<\/strong><\/p>\n\n\n\n<p>Sollten wir Ihre Daten noch nicht haben: buchen Sie unten einfach einen Termin mit dem Chef! Angesetzt auf 30 Minuten. Dann sieht man, ob man zusammenkommt!<\/p>\n\n\n\n<div class=\"wp-block-buttons is-layout-flex wp-block-buttons-is-layout-flex\">\n<div class=\"wp-block-button\"><a class=\"wp-block-button__link wp-element-button\" href=\"https:\/\/calendly.com\/brinkhaus-brinkhaus-gmbh\/30min?month=2025-06\">Termin aussuchen<\/a><\/div>\n<\/div>\n\n\n\n<p><\/p>\n","protected":false},"excerpt":{"rendered":"<p>Ab 2026 greifen die ersten Elemente des Cyber Resilience Act (CRA). Ab 2027 d\u00fcrfen nur noch Produkte mit nachweisbarer Cybersicherheit in der EU vermarktet werden. Der CRA betrifft Hersteller, Entwickler und Zulieferer \u2013 unabh\u00e4ngig von der Unternehmensgr\u00f6\u00dfe. Es lohnt sich, vorbereitet zu sein. Brinkhaus GmbH unterst\u00fctzt Sie mit einem klar strukturierten Beratungsansatz auf dem Weg &hellip; <\/p>\n<p class=\"link-more\"><a href=\"https:\/\/www.brinkhaus-gmbh.de\/en\/cra-ready-mit-brinkhaus-ihr-partner-fuer-den-cyber-resilience-act\/\" class=\"more-link\">Read more<span class=\"screen-reader-text\"> &#8220;CRA-Ready mit Brinkhaus \u2013 Ihr Partner f\u00fcr den Cyber Resilience Act&#8221;<\/span><\/a><\/p>\n","protected":false},"author":1,"featured_media":0,"parent":0,"menu_order":0,"comment_status":"closed","ping_status":"closed","template":"","meta":{"footnotes":""},"class_list":["post-789","page","type-page","status-publish","hentry"],"translation":{"provider":"WPGlobus","version":"3.0.2","language":"en","enabled_languages":["de","en"],"languages":{"de":{"title":true,"content":true,"excerpt":false},"en":{"title":false,"content":false,"excerpt":false}}},"_links":{"self":[{"href":"https:\/\/www.brinkhaus-gmbh.de\/en\/wp-json\/wp\/v2\/pages\/789","targetHints":{"allow":["GET"]}}],"collection":[{"href":"https:\/\/www.brinkhaus-gmbh.de\/en\/wp-json\/wp\/v2\/pages"}],"about":[{"href":"https:\/\/www.brinkhaus-gmbh.de\/en\/wp-json\/wp\/v2\/types\/page"}],"author":[{"embeddable":true,"href":"https:\/\/www.brinkhaus-gmbh.de\/en\/wp-json\/wp\/v2\/users\/1"}],"replies":[{"embeddable":true,"href":"https:\/\/www.brinkhaus-gmbh.de\/en\/wp-json\/wp\/v2\/comments?post=789"}],"version-history":[{"count":5,"href":"https:\/\/www.brinkhaus-gmbh.de\/en\/wp-json\/wp\/v2\/pages\/789\/revisions"}],"predecessor-version":[{"id":799,"href":"https:\/\/www.brinkhaus-gmbh.de\/en\/wp-json\/wp\/v2\/pages\/789\/revisions\/799"}],"wp:attachment":[{"href":"https:\/\/www.brinkhaus-gmbh.de\/en\/wp-json\/wp\/v2\/media?parent=789"}],"curies":[{"name":"wp","href":"https:\/\/api.w.org\/{rel}","templated":true}]}}